{"id":17,"date":"2018-11-21T09:28:20","date_gmt":"2018-11-21T07:28:20","guid":{"rendered":"https:\/\/larp.fi\/?page_id=17"},"modified":"2025-01-19T12:55:20","modified_gmt":"2025-01-19T10:55:20","slug":"etusivu","status":"publish","type":"page","link":"https:\/\/larp.fi\/","title":{"rendered":"Etusivu"},"content":{"rendered":"<p>Tervetuloa seikkailija!<\/p>\n<p>Olet l\u00f6yt\u00e4nyt larp.fi-sivuston, jolle on ker\u00e4tty yleist\u00e4 tietoa liveroolipelaamisesta eli larppauksesta Suomessa. Olehan valmis el\u00e4m\u00e4si seikkailuun ja astu sis\u00e4\u00e4n larppauksen maailmaan!<\/p>\n<p>Sivusto on vapaaehtoisella porukalla yll\u00e4pidetty ja sit\u00e4 kehitet\u00e4\u00e4n jatkuvasti. Jos haluat l\u00e4hte\u00e4 mukaan tekem\u00e4\u00e4n parempaa larp.fi-sivustoa tai olla yhteydess\u00e4 sivustoon liittyviss\u00e4 asioissa, laita mailia.<br \/>Yhteydenotot: <a href=\"mailto:tuki@larp.fi\" target=\"_blank\" rel=\"noopener noreferrer\">tuki@larp.fi<\/a><\/p>\n","protected":false},"excerpt":{"rendered":"<p>Tervetuloa seikkailija! Olet l\u00f6yt\u00e4nyt larp.fi-sivuston, jolle on ker\u00e4tty yleist\u00e4 tietoa liveroolipelaamisesta eli larppauksesta Suomessa. Olehan valmis el\u00e4m\u00e4si seikkailuun ja astu sis\u00e4\u00e4n larppauksen maailmaan! Sivusto on vapaaehtoisella porukalla yll\u00e4pidetty ja sit\u00e4 kehitet\u00e4\u00e4n jatkuvasti. Jos haluat l\u00e4hte\u00e4 mukaan tekem\u00e4\u00e4n parempaa larp.fi-sivustoa tai olla yhteydess\u00e4 sivustoon liittyviss\u00e4 asioissa, laita mailia.Yhteydenotot: tuki@larp.fi<\/p>\n","protected":false},"author":1,"featured_media":0,"parent":0,"menu_order":0,"comment_status":"closed","ping_status":"closed","template":"","meta":{"footnotes":""},"jetpack_sharing_enabled":true,"_links":{"self":[{"href":"https:\/\/larp.fi\/wp-json\/wp\/v2\/pages\/17"}],"collection":[{"href":"https:\/\/larp.fi\/wp-json\/wp\/v2\/pages"}],"about":[{"href":"https:\/\/larp.fi\/wp-json\/wp\/v2\/types\/page"}],"author":[{"embeddable":true,"href":"https:\/\/larp.fi\/wp-json\/wp\/v2\/users\/1"}],"replies":[{"embeddable":true,"href":"https:\/\/larp.fi\/wp-json\/wp\/v2\/comments?post=17"}],"version-history":[{"count":10,"href":"https:\/\/larp.fi\/wp-json\/wp\/v2\/pages\/17\/revisions"}],"predecessor-version":[{"id":527,"href":"https:\/\/larp.fi\/wp-json\/wp\/v2\/pages\/17\/revisions\/527"}],"wp:attachment":[{"href":"https:\/\/larp.fi\/wp-json\/wp\/v2\/media?parent=17"}],"curies":[{"name":"wp","href":"https:\/\/api.w.org\/{rel}","templated":true}]}}